{"id":3162,"date":"2019-03-18T16:59:11","date_gmt":"2019-03-18T19:59:11","guid":{"rendered":"http:\/\/inf.ibiruba.ifrs.edu.br\/?page_id=3162"},"modified":"2024-10-11T10:47:15","modified_gmt":"2024-10-11T13:47:15","slug":"ingresso","status":"publish","type":"page","link":"https:\/\/inf.ibiruba.ifrs.edu.br\/index.php\/ingresso\/","title":{"rendered":"Venha Estudar Conosco"},"content":{"rendered":"\n<h2 class=\"wp-block-heading\">Nosso portal oficial de ingresso \u00e9:<\/h2>\n\n\n\n<figure class=\"wp-block-image\"><img loading=\"lazy\" decoding=\"async\" width=\"1024\" height=\"344\" src=\"http:\/\/inf.ibiruba.ifrs.edu.br\/wp-content\/uploads\/2024\/10\/Captura-de-Tela-2024-10-11-a\u0300s-10.45.02-1024x344.png\" alt=\"\" class=\"wp-image-3542\" srcset=\"https:\/\/inf.ibiruba.ifrs.edu.br\/wp-content\/uploads\/2024\/10\/Captura-de-Tela-2024-10-11-a\u0300s-10.45.02-1024x344.png 1024w, https:\/\/inf.ibiruba.ifrs.edu.br\/wp-content\/uploads\/2024\/10\/Captura-de-Tela-2024-10-11-a\u0300s-10.45.02-300x101.png 300w, https:\/\/inf.ibiruba.ifrs.edu.br\/wp-content\/uploads\/2024\/10\/Captura-de-Tela-2024-10-11-a\u0300s-10.45.02-768x258.png 768w, https:\/\/inf.ibiruba.ifrs.edu.br\/wp-content\/uploads\/2024\/10\/Captura-de-Tela-2024-10-11-a\u0300s-10.45.02.png 1740w\" sizes=\"auto, (max-width: 1024px) 100vw, 1024px\" \/><figcaption>Acesse: <a href=\"http:\/\/ingresso.ifrs.edu.br\">http:\/\/ingresso.ifrs.edu.br<\/a><\/figcaption><\/figure>\n\n\n\n<h2 class=\"wp-block-heading\">Ingresso Ci\u00eancia da Computa\u00e7\u00e3o<\/h2>\n\n\n\n<h3 class=\"wp-block-heading\">Processo Seletivo 2025-1<\/h3>\n\n\n\n<p>O Curso de Ci\u00eancia da Computa\u00e7\u00e3o disp\u00f5e de <strong>30 vagas<\/strong> para ingresso no IFRS \u2013 Campus Ibirub\u00e1. Dessas 30 vagas,<\/p>\n\n\n\n<ul class=\"wp-block-list\"><li>15 vagas s\u00e3o&nbsp;destinadas ao <em>Processo Seletivo<\/em>, e<\/li><li>15 vagas s\u00e3o&nbsp;destinadas \u00e0 modalidade de ingresso <em>Enem.<\/em><\/li><\/ul>\n\n\n\n<hr class=\"wp-block-separator\"\/>\n\n\n\n<h3 class=\"wp-block-heading\">Outras Formas de Ingresso<\/h3>\n\n\n\n<ul class=\"wp-block-list\"><li><strong>Ingresso de Diplomados<\/strong> &#8211; ingresso de pessoas que j\u00e1 possuem diploma de curso superior [<a href=\"https:\/\/goo.gl\/forms\/dPQa7PF4OiDJdxEp1\">Caso tenha interesse se cadastre aqui<\/a>].<\/li><li><strong>Transfer\u00eancia Interna e Externa<\/strong> &#8211; Transfer\u00eancia de alunos de outros cursos do IFRS ou de outras institui\u00e7\u00f5es de ensino, privadas ou p\u00fablicas [<a href=\"https:\/\/goo.gl\/forms\/dPQa7PF4OiDJdxEp1\">Caso tenha interesse se cadastre aqui<\/a>].<\/li><\/ul>\n\n\n\n<hr class=\"wp-block-separator\"\/>\n\n\n\n\n\n<hr class=\"wp-block-separator\"\/>\n\n\n\n<h2 class=\"wp-block-heading\">Ingresso T\u00e9cnico Integrado em Inform\u00e1tica<\/h2>\n\n\n\n<h3 class=\"wp-block-heading\">Processo Seletivo 2025-1<\/h3>\n\n\n\n<p>O Curso T\u00e9cnico Integrado em Inform\u00e1tica disp\u00f5e de <strong>30 vagas<\/strong> para ingresso no IFRS \u2013 Campus Ibirub\u00e1 via Processo Seletivo. <\/p>\n\n\n\n<p>O Ingresso s\u00e3o para alunos que conclu\u00edram o Ensino Fundamental e desejam cursar o curso T\u00e9cnico em Inform\u00e1tica integrado com as disciplinas do Ensino M\u00e9dio.<\/p>\n\n\n\n<p>Caso tenha interesse, entre em contato com a Coordenadora do curso T\u00e9cnico: coordenacao.integradoinformatica@ibiruba.ifrs.edu.br<\/p>\n","protected":false},"excerpt":{"rendered":"<p>Nosso portal oficial de ingresso \u00e9: Ingresso Ci\u00eancia da Computa\u00e7\u00e3o Processo Seletivo 2025-1 O Curso de Ci\u00eancia da Computa\u00e7\u00e3o disp\u00f5e de 30 vagas para ingresso no IFRS \u2013 Campus Ibirub\u00e1. Dessas 30 vagas, 15 vagas s\u00e3o&nbsp;destinadas ao Processo Seletivo, e 15 vagas s\u00e3o&nbsp;destinadas \u00e0 modalidade de ingresso Enem. Outras Formas de Ingresso Ingresso de Diplomados [&hellip;]<\/p>\n","protected":false},"author":5,"featured_media":0,"parent":0,"menu_order":0,"comment_status":"closed","ping_status":"closed","template":"","meta":{"footnotes":""},"class_list":["post-3162","page","type-page","status-publish","hentry"],"_links":{"self":[{"href":"https:\/\/inf.ibiruba.ifrs.edu.br\/index.php\/wp-json\/wp\/v2\/pages\/3162","targetHints":{"allow":["GET"]}}],"collection":[{"href":"https:\/\/inf.ibiruba.ifrs.edu.br\/index.php\/wp-json\/wp\/v2\/pages"}],"about":[{"href":"https:\/\/inf.ibiruba.ifrs.edu.br\/index.php\/wp-json\/wp\/v2\/types\/page"}],"author":[{"embeddable":true,"href":"https:\/\/inf.ibiruba.ifrs.edu.br\/index.php\/wp-json\/wp\/v2\/users\/5"}],"replies":[{"embeddable":true,"href":"https:\/\/inf.ibiruba.ifrs.edu.br\/index.php\/wp-json\/wp\/v2\/comments?post=3162"}],"version-history":[{"count":13,"href":"https:\/\/inf.ibiruba.ifrs.edu.br\/index.php\/wp-json\/wp\/v2\/pages\/3162\/revisions"}],"predecessor-version":[{"id":3544,"href":"https:\/\/inf.ibiruba.ifrs.edu.br\/index.php\/wp-json\/wp\/v2\/pages\/3162\/revisions\/3544"}],"wp:attachment":[{"href":"https:\/\/inf.ibiruba.ifrs.edu.br\/index.php\/wp-json\/wp\/v2\/media?parent=3162"}],"curies":[{"name":"wp","href":"https:\/\/api.w.org\/{rel}","templated":true}]}}