{"id":3157,"date":"2019-03-18T16:49:27","date_gmt":"2019-03-18T19:49:27","guid":{"rendered":"http:\/\/inf.ibiruba.ifrs.edu.br\/?page_id=3157"},"modified":"2024-10-11T10:38:00","modified_gmt":"2024-10-11T13:38:00","slug":"o-ifrs","status":"publish","type":"page","link":"https:\/\/inf.ibiruba.ifrs.edu.br\/index.php\/o-ifrs\/","title":{"rendered":"O IFRS"},"content":{"rendered":"\n<p>O Instituto Federal de Educa\u00e7\u00e3o, Ci\u00eancia e Tecnologia do Rio Grande do Sul (IFRS) \u00e9 uma institui\u00e7\u00e3o federal de ensino p\u00fablico e gratuito. Atua com uma estrutura multicampi para promover a educa\u00e7\u00e3o profissional e tecnol\u00f3gica de excel\u00eancia e impulsionar o desenvolvimento sustent\u00e1vel das regi\u00f5es.<\/p>\n\n\n\n<p>Possui 17&nbsp;<em>campi<\/em>: Bento Gon\u00e7alves, Canoas, Caxias do Sul, Erechim, Farroupilha, Feliz, <strong>Ibirub\u00e1<\/strong>, Os\u00f3rio, Porto Alegre, Restinga (Porto Alegre), Rio Grande e Sert\u00e3o e, em processo de implanta\u00e7\u00e3o: Alvorada, Rolante, Vacaria, Veran\u00f3polis e Viam\u00e3o. A Reitoria \u00e9 sediada em <em>Bento Gon\u00e7alves<\/em>.<\/p>\n\n\n\n<p><strong>Miss\u00e3o<\/strong><\/p>\n\n\n\n<p>Ofertar educa\u00e7\u00e3o profissional, cient\u00edfica e tecnol\u00f3gica, inclusiva, p\u00fablica, gratuita e dequalidade, promovendo a forma\u00e7\u00e3o integral de cidad\u00e3os para enfrentar e superar desigualdadessociais, econ\u00f4micas, culturais e ambientais, garantindo a Indissociabilidade entre ensino,pesquisa e extens\u00e3o e em conson\u00e2ncia com potencialidades e voca\u00e7\u00f5es territoriais.<\/p>\n\n\n\n<p><strong>Vis\u00e3o Institucional<\/strong><\/p>\n\n\n\n<p>Ser uma institui\u00e7\u00e3o de excel\u00eancia em educa\u00e7\u00e3o, ci\u00eancia e tecnologia. <\/p>\n\n\n\n<p>Ser refer\u00eancia em educa\u00e7\u00e3o, ci\u00eancia e tecnologia como uma institui\u00e7\u00e3o p\u00fablica, gratuita, dequalidade e com compromisso social.<\/p>\n\n\n\n<h4 class=\"wp-block-heading\"><strong>O que \u00e9 um Instituto Federal?<\/strong><\/h4>\n\n\n\n<p>\u00c9 uma institui\u00e7\u00e3o de ensino p\u00fablica (ligada ao governo federal), especializada na oferta de educa\u00e7\u00e3o profissional e tecnol\u00f3gica, que orienta a oferta de cursos visando ao fortalecimento dos arranjos produtivos, sociais e culturais das localidades onde est\u00e1 instalado. O IFRS oferece cursos de forma\u00e7\u00e3o inicial continuada (cursos r\u00e1pidos), cursos t\u00e9cnicos de n\u00edvel m\u00e9dio, de gradua\u00e7\u00e3o e de p\u00f3s-gradua\u00e7\u00e3o (especializa\u00e7\u00e3o e mestrado). Seu nome completo \u00e9 Instituto Federal de Educa\u00e7\u00e3o, Ci\u00eancia e Tecnologia do Rio Grande do Sul (IFRS), mas tamb\u00e9m \u00e9 chamado pela forma resumida: Instituto Federal do Rio Grande do Sul; ou pela sigla, que \u00e9 pronunciada letra por letra (I-F-R-S) ou com as duas primeiras letras lidas como palavra e as duas \u00faltimas soletradas (If-R-S).<\/p>\n\n\n\n<h4 class=\"wp-block-heading\">Voc\u00ea sabia?<\/h4>\n\n\n\n<p>No Rio Grande do Sul, atuam tr\u00eas institutos federais: Instituto Federal do Rio Grande do Sul (IFRS), Instituto Federal Sul-riograndense (IFSul) e Instituto Federal Farroupilha (IFFarroupilha).<\/p>\n\n\n\n<h4 class=\"wp-block-heading\">Gest\u00e3o atual no Campus Ibirub\u00e1<\/h4>\n\n\n\n<p>Sandra Rejane Zorzo Peringer \u2013 Diretora-Geral \u2013 direcao.geral@ibiruba.ifrs.edu.br<\/p>\n\n\n\n<p>Carina Tonieto \u2013 Diretora de Ensino (diretora-geral substituta) \u2013 direcao.ensino@ibiruba.ifrs.edu.br<\/p>\n\n\n\n<p>Cristiane Brauner \u2013 Diretora de Administra\u00e7\u00e3o e Planejamento \u2013 dap@ibiruba.ifrs.edu.br<\/p>\n\n\n\n<p>Rafael Zanatta Scapini \u2013 Coordenador de Extens\u00e3o \u2013 coex@ibiruba.ifrs.edu.br<\/p>\n\n\n\n<p>Andrws Aires Vieira \u2013 Coordenador de Desenvolvimento Institucional \u2013 di@ibiruba.ifrs.edu.br<\/p>\n\n\n\n<p>Ramone Tramontini \u2013 Coordenador de Pesquisa, P\u00f3s-Gradua\u00e7\u00e3o e Inova\u00e7\u00e3o \u2013 pesquisa@ibiruba.ifrs.edu.br<\/p>\n\n\n\n<p>Danieli Oppelt \u2013 Coordenadora de Ensino \u2013 coordenacao.ensino@ibiruba.ifrs.edu.br<\/p>\n\n\n\n<p>Dionei Schwaab Brandt \u2013 Coordenador de Registros Acad\u00eamicos \u2013 registrosacademicos@ibiruba.ifrs.edu.br<\/p>\n\n\n\n<p>Lucas Jardel Jos\u00e9 Wohlmuth Alves dos Santos \u2013 Coordenador de Tecnologia da Informa\u00e7\u00e3o \u2013 ti@ibiruba.ifrs.edu.br<\/p>\n\n\n\n<p>Luiz Felipe Kopper da Silva \u2013 Coordenador de Administra\u00e7\u00e3o e Execu\u00e7\u00e3o Or\u00e7ament\u00e1ria \u2013 financeiro@ibiruba.ifrs.edu.br<\/p>\n\n\n\n<p>P\u00e2mela Orouoski \u2013 Coordenadora de Produ\u00e7\u00e3o Agropecu\u00e1ria \u2013 producao.agropecuaria@ibiruba.ifrs.edu.br<\/p>\n\n\n\n<p>Andr\u00e9 Luiz Marcondes \u2013 Coordenador de Infraestrutura \u2013 infraestrutura@ibiruba.ifrs.edu.br<\/p>\n\n\n\n<p>Andr\u00e9 Marek \u2013 Coordenador de Licita\u00e7\u00f5es e Contratos \u2013 licitacao@ibiruba.ifrs.edu.br<\/p>\n\n\n\n<p>Laura Gotleib da Rosa \u2013 Chefe de Gabinete \u2013 gabinete@ibiruba.ifrs.edu.br<\/p>\n\n\n\n<p>Vanessa Castro \u2013 Coordenadora de Assist\u00eancia Estudantil \u2013 assistencia.estudantil@ibiruba.ifrs.edu.br<\/p>\n\n\n\n<p>Conhe\u00e7a tamb\u00e9m os gestores do Instituto Federal do Rio Grande do Sul no <a href=\"https:\/\/ifrs.edu.br\/institucional\/gestao-atual\/\">site<\/a> da Reitoria.<\/p>\n\n\n\n<hr class=\"wp-block-separator\"\/>\n\n\n\n<p>Assista ao&nbsp;<a href=\"https:\/\/www.youtube.com\/watch?v=nvDOp0c_oTU&amp;list=PLxMarmdO7KKk3m0dL_YEY9oqJbTWWgaLO&amp;index=5\" target=\"_blank\" rel=\"noreferrer noopener\">v\u00eddeo institucional do IFRS!<\/a><\/p>\n\n\n\n<p>Maiores informa\u00e7\u00f5es em: <a href=\"https:\/\/ifrs.edu.br\/\">https:\/\/ifrs.edu.br\/<\/a> e <a href=\"https:\/\/ifrs.edu.br\/ibiruba\/\">https:\/\/ifrs.edu.br\/ibiruba\/<\/a><\/p>\n","protected":false},"excerpt":{"rendered":"<p>O Instituto Federal de Educa\u00e7\u00e3o, Ci\u00eancia e Tecnologia do Rio Grande do Sul (IFRS) \u00e9 uma institui\u00e7\u00e3o federal de ensino p\u00fablico e gratuito. Atua com uma estrutura multicampi para promover a educa\u00e7\u00e3o profissional e tecnol\u00f3gica de excel\u00eancia e impulsionar o desenvolvimento sustent\u00e1vel das regi\u00f5es. Possui 17&nbsp;campi: Bento Gon\u00e7alves, Canoas, Caxias do Sul, Erechim, Farroupilha, Feliz, [&hellip;]<\/p>\n","protected":false},"author":5,"featured_media":0,"parent":0,"menu_order":0,"comment_status":"closed","ping_status":"closed","template":"","meta":{"footnotes":""},"class_list":["post-3157","page","type-page","status-publish","hentry"],"_links":{"self":[{"href":"https:\/\/inf.ibiruba.ifrs.edu.br\/index.php\/wp-json\/wp\/v2\/pages\/3157","targetHints":{"allow":["GET"]}}],"collection":[{"href":"https:\/\/inf.ibiruba.ifrs.edu.br\/index.php\/wp-json\/wp\/v2\/pages"}],"about":[{"href":"https:\/\/inf.ibiruba.ifrs.edu.br\/index.php\/wp-json\/wp\/v2\/types\/page"}],"author":[{"embeddable":true,"href":"https:\/\/inf.ibiruba.ifrs.edu.br\/index.php\/wp-json\/wp\/v2\/users\/5"}],"replies":[{"embeddable":true,"href":"https:\/\/inf.ibiruba.ifrs.edu.br\/index.php\/wp-json\/wp\/v2\/comments?post=3157"}],"version-history":[{"count":3,"href":"https:\/\/inf.ibiruba.ifrs.edu.br\/index.php\/wp-json\/wp\/v2\/pages\/3157\/revisions"}],"predecessor-version":[{"id":3538,"href":"https:\/\/inf.ibiruba.ifrs.edu.br\/index.php\/wp-json\/wp\/v2\/pages\/3157\/revisions\/3538"}],"wp:attachment":[{"href":"https:\/\/inf.ibiruba.ifrs.edu.br\/index.php\/wp-json\/wp\/v2\/media?parent=3157"}],"curies":[{"name":"wp","href":"https:\/\/api.w.org\/{rel}","templated":true}]}}