{"id":2373,"date":"2019-01-07T16:07:56","date_gmt":"2019-01-07T22:07:56","guid":{"rendered":"http:\/\/inf.ibiruba.ifrs.edu.br\/?page_id=2373"},"modified":"2019-03-12T10:06:50","modified_gmt":"2019-03-12T13:06:50","slug":"laboratorios","status":"publish","type":"page","link":"https:\/\/inf.ibiruba.ifrs.edu.br\/index.php\/laboratorios\/","title":{"rendered":"Laborat\u00f3rios"},"content":{"rendered":"<p><strong>Laborat\u00f3rio de Inform\u00e1tica 1<\/strong><\/p>\n<p><strong>\u00a0\u00a0\u00a0 <img loading=\"lazy\" decoding=\"async\" class=\"alignnone size-full wp-image-2374\" src=\"http:\/\/inf.ibiruba.ifrs.edu.br\/wp-content\/uploads\/2019\/01\/Lab1.png\" alt=\"\" width=\"4000\" height=\"943\" srcset=\"https:\/\/inf.ibiruba.ifrs.edu.br\/wp-content\/uploads\/2019\/01\/Lab1.png 4000w, https:\/\/inf.ibiruba.ifrs.edu.br\/wp-content\/uploads\/2019\/01\/Lab1-300x71.png 300w, https:\/\/inf.ibiruba.ifrs.edu.br\/wp-content\/uploads\/2019\/01\/Lab1-768x181.png 768w, https:\/\/inf.ibiruba.ifrs.edu.br\/wp-content\/uploads\/2019\/01\/Lab1-1024x241.png 1024w\" sizes=\"auto, (max-width: 4000px) 100vw, 4000px\" \/><\/strong><br \/>\n<strong>\u00a0<\/strong><\/p>\n<p><strong>Laborat\u00f3rio de Inform\u00e1tica 2<\/strong><\/p>\n<p><strong><img loading=\"lazy\" decoding=\"async\" class=\"alignnone size-full wp-image-2375\" src=\"http:\/\/inf.ibiruba.ifrs.edu.br\/wp-content\/uploads\/2019\/01\/Lab2.png\" alt=\"\" width=\"4000\" height=\"943\" srcset=\"https:\/\/inf.ibiruba.ifrs.edu.br\/wp-content\/uploads\/2019\/01\/Lab2.png 4000w, https:\/\/inf.ibiruba.ifrs.edu.br\/wp-content\/uploads\/2019\/01\/Lab2-300x71.png 300w, https:\/\/inf.ibiruba.ifrs.edu.br\/wp-content\/uploads\/2019\/01\/Lab2-768x181.png 768w, https:\/\/inf.ibiruba.ifrs.edu.br\/wp-content\/uploads\/2019\/01\/Lab2-1024x241.png 1024w\" sizes=\"auto, (max-width: 4000px) 100vw, 4000px\" \/><\/strong><\/p>\n<p><strong>Laborat\u00f3rio de Inform\u00e1tica 3<\/strong><\/p>\n<p><strong><img loading=\"lazy\" decoding=\"async\" class=\"alignnone size-full wp-image-2376\" src=\"http:\/\/inf.ibiruba.ifrs.edu.br\/wp-content\/uploads\/2019\/01\/Lab3.png\" alt=\"\" width=\"4000\" height=\"943\" srcset=\"https:\/\/inf.ibiruba.ifrs.edu.br\/wp-content\/uploads\/2019\/01\/Lab3.png 4000w, https:\/\/inf.ibiruba.ifrs.edu.br\/wp-content\/uploads\/2019\/01\/Lab3-300x71.png 300w, https:\/\/inf.ibiruba.ifrs.edu.br\/wp-content\/uploads\/2019\/01\/Lab3-768x181.png 768w, https:\/\/inf.ibiruba.ifrs.edu.br\/wp-content\/uploads\/2019\/01\/Lab3-1024x241.png 1024w\" sizes=\"auto, (max-width: 4000px) 100vw, 4000px\" \/><\/strong><\/p>\n<p><strong>Laborat\u00f3rio de Inform\u00e1tica 4<\/strong><\/p>\n<p><strong><img loading=\"lazy\" decoding=\"async\" class=\"alignnone size-full wp-image-2377\" src=\"http:\/\/inf.ibiruba.ifrs.edu.br\/wp-content\/uploads\/2019\/01\/Lab4.png\" alt=\"\" width=\"4000\" height=\"943\" srcset=\"https:\/\/inf.ibiruba.ifrs.edu.br\/wp-content\/uploads\/2019\/01\/Lab4.png 4000w, https:\/\/inf.ibiruba.ifrs.edu.br\/wp-content\/uploads\/2019\/01\/Lab4-300x71.png 300w, https:\/\/inf.ibiruba.ifrs.edu.br\/wp-content\/uploads\/2019\/01\/Lab4-768x181.png 768w, https:\/\/inf.ibiruba.ifrs.edu.br\/wp-content\/uploads\/2019\/01\/Lab4-1024x241.png 1024w\" sizes=\"auto, (max-width: 4000px) 100vw, 4000px\" \/><\/strong><\/p>\n<p><strong>Laborat\u00f3rio de Inform\u00e1tica 5 &#8211; Lab. L\u00ednguas &#8211; EAD<br \/>\n<\/strong><\/p>\n<p><strong><img loading=\"lazy\" decoding=\"async\" class=\"alignnone size-full wp-image-2378\" src=\"http:\/\/inf.ibiruba.ifrs.edu.br\/wp-content\/uploads\/2019\/01\/Lab5.png\" alt=\"\" width=\"4000\" height=\"943\" srcset=\"https:\/\/inf.ibiruba.ifrs.edu.br\/wp-content\/uploads\/2019\/01\/Lab5.png 4000w, https:\/\/inf.ibiruba.ifrs.edu.br\/wp-content\/uploads\/2019\/01\/Lab5-300x71.png 300w, https:\/\/inf.ibiruba.ifrs.edu.br\/wp-content\/uploads\/2019\/01\/Lab5-768x181.png 768w, https:\/\/inf.ibiruba.ifrs.edu.br\/wp-content\/uploads\/2019\/01\/Lab5-1024x241.png 1024w\" sizes=\"auto, (max-width: 4000px) 100vw, 4000px\" \/><\/strong><\/p>\n<p><strong>Laborat\u00f3rio de Redes e Eletr\u00f4nica<\/strong><\/p>\n<p><strong><img loading=\"lazy\" decoding=\"async\" class=\"alignnone size-full wp-image-2379\" src=\"http:\/\/inf.ibiruba.ifrs.edu.br\/wp-content\/uploads\/2019\/01\/Labredes.png\" alt=\"\" width=\"4000\" height=\"943\" srcset=\"https:\/\/inf.ibiruba.ifrs.edu.br\/wp-content\/uploads\/2019\/01\/Labredes.png 4000w, https:\/\/inf.ibiruba.ifrs.edu.br\/wp-content\/uploads\/2019\/01\/Labredes-300x71.png 300w, https:\/\/inf.ibiruba.ifrs.edu.br\/wp-content\/uploads\/2019\/01\/Labredes-768x181.png 768w, https:\/\/inf.ibiruba.ifrs.edu.br\/wp-content\/uploads\/2019\/01\/Labredes-1024x241.png 1024w\" sizes=\"auto, (max-width: 4000px) 100vw, 4000px\" \/><\/strong><\/p>\n<p>&nbsp;<\/p>\n","protected":false},"excerpt":{"rendered":"<p>Laborat\u00f3rio de Inform\u00e1tica 1 \u00a0\u00a0\u00a0 \u00a0 Laborat\u00f3rio de Inform\u00e1tica 2 Laborat\u00f3rio de Inform\u00e1tica 3 Laborat\u00f3rio de Inform\u00e1tica 4 Laborat\u00f3rio de Inform\u00e1tica 5 &#8211; Lab. L\u00ednguas &#8211; EAD Laborat\u00f3rio de Redes e Eletr\u00f4nica &nbsp;<\/p>\n","protected":false},"author":5,"featured_media":0,"parent":0,"menu_order":0,"comment_status":"closed","ping_status":"closed","template":"","meta":{"footnotes":""},"class_list":["post-2373","page","type-page","status-publish","hentry"],"_links":{"self":[{"href":"https:\/\/inf.ibiruba.ifrs.edu.br\/index.php\/wp-json\/wp\/v2\/pages\/2373","targetHints":{"allow":["GET"]}}],"collection":[{"href":"https:\/\/inf.ibiruba.ifrs.edu.br\/index.php\/wp-json\/wp\/v2\/pages"}],"about":[{"href":"https:\/\/inf.ibiruba.ifrs.edu.br\/index.php\/wp-json\/wp\/v2\/types\/page"}],"author":[{"embeddable":true,"href":"https:\/\/inf.ibiruba.ifrs.edu.br\/index.php\/wp-json\/wp\/v2\/users\/5"}],"replies":[{"embeddable":true,"href":"https:\/\/inf.ibiruba.ifrs.edu.br\/index.php\/wp-json\/wp\/v2\/comments?post=2373"}],"version-history":[{"count":11,"href":"https:\/\/inf.ibiruba.ifrs.edu.br\/index.php\/wp-json\/wp\/v2\/pages\/2373\/revisions"}],"predecessor-version":[{"id":3002,"href":"https:\/\/inf.ibiruba.ifrs.edu.br\/index.php\/wp-json\/wp\/v2\/pages\/2373\/revisions\/3002"}],"wp:attachment":[{"href":"https:\/\/inf.ibiruba.ifrs.edu.br\/index.php\/wp-json\/wp\/v2\/media?parent=2373"}],"curies":[{"name":"wp","href":"https:\/\/api.w.org\/{rel}","templated":true}]}}