{"id":2,"date":"2014-09-05T06:26:49","date_gmt":"2014-09-05T12:26:49","guid":{"rendered":"http:\/\/inf.ibiruba.ifrs.edu.br\/?page_id=2"},"modified":"2024-09-17T19:58:09","modified_gmt":"2024-09-17T22:58:09","slug":"pagina-exemplo","status":"publish","type":"page","link":"https:\/\/inf.ibiruba.ifrs.edu.br\/index.php\/pagina-exemplo\/","title":{"rendered":"T\u00e9cnico em Inform\u00e1tica"},"content":{"rendered":"<p>O Curso de Educa\u00e7\u00e3o Profissional T\u00e9cnica em Inform\u00e1tica tem por objetivo capacitar profissionais para atuarem na \u00e1rea de inform\u00e1tica para que, uma vez inseridos no mercado de trabalho, possam realizar servi\u00e7os de qualidade nesta \u00e1rea.<br \/>\nO CursoT\u00e9cnico em Inform\u00e1tica oferece uma forma\u00e7\u00e3o profissional ampla, capaz de atender o desenvolvimento de programas de computador, seguindo as especifica\u00e7\u00f5es e paradigmas da l\u00f3gica de programa\u00e7\u00e3o e das linguagens de programa\u00e7\u00e3o. Estas atividades utilizam ambientes de desenvolvimento de sistemas, sistemas operacionais e banco de dados. O curso aborda, ainda, testes de software e manuten\u00e7\u00e3o de programas de computadores. O Curso busca formar profissionais tecnicamente preparados para atender as demandas da sociedade, respeitando os princ\u00edpios \u00e9ticos, bem como os padr\u00f5es de qualidade existentes.<\/p>\n<p>Coordenador: TIAGO RIOS DA ROCHA (coordenacao.integradoinformatica@ibiruba.ifrs.edu.br)<br \/>\nT\u00e9cnico Integrado<br \/>\nDenomina\u00e7\u00e3o do Curso: T\u00e9cnico em Inform\u00e1tica<br \/>\nHabilita\u00e7\u00e3o: T\u00e9cnico em Inform\u00e1tica<br \/>\nTurno de funcionamento: Integral<br \/>\nCarga hor\u00e1ria total: 3.627 horas<br \/>\nDura\u00e7\u00e3o: 3 anos<br \/>\nEst\u00e1gio: 150 horas ap\u00f3s a conclus\u00e3o do segundo ano do curso<\/p>\n","protected":false},"excerpt":{"rendered":"<p>O Curso de Educa\u00e7\u00e3o Profissional T\u00e9cnica em Inform\u00e1tica tem por objetivo capacitar profissionais para atuarem na \u00e1rea de inform\u00e1tica para que, uma vez inseridos no mercado de trabalho, possam realizar servi\u00e7os de qualidade nesta \u00e1rea. O CursoT\u00e9cnico em Inform\u00e1tica oferece uma forma\u00e7\u00e3o profissional ampla, capaz de atender o desenvolvimento de programas de computador, seguindo as [&hellip;]<\/p>\n","protected":false},"author":1,"featured_media":0,"parent":0,"menu_order":2,"comment_status":"closed","ping_status":"closed","template":"","meta":{"footnotes":""},"class_list":["post-2","page","type-page","status-publish","hentry"],"_links":{"self":[{"href":"https:\/\/inf.ibiruba.ifrs.edu.br\/index.php\/wp-json\/wp\/v2\/pages\/2","targetHints":{"allow":["GET"]}}],"collection":[{"href":"https:\/\/inf.ibiruba.ifrs.edu.br\/index.php\/wp-json\/wp\/v2\/pages"}],"about":[{"href":"https:\/\/inf.ibiruba.ifrs.edu.br\/index.php\/wp-json\/wp\/v2\/types\/page"}],"author":[{"embeddable":true,"href":"https:\/\/inf.ibiruba.ifrs.edu.br\/index.php\/wp-json\/wp\/v2\/users\/1"}],"replies":[{"embeddable":true,"href":"https:\/\/inf.ibiruba.ifrs.edu.br\/index.php\/wp-json\/wp\/v2\/comments?post=2"}],"version-history":[{"count":11,"href":"https:\/\/inf.ibiruba.ifrs.edu.br\/index.php\/wp-json\/wp\/v2\/pages\/2\/revisions"}],"predecessor-version":[{"id":3446,"href":"https:\/\/inf.ibiruba.ifrs.edu.br\/index.php\/wp-json\/wp\/v2\/pages\/2\/revisions\/3446"}],"wp:attachment":[{"href":"https:\/\/inf.ibiruba.ifrs.edu.br\/index.php\/wp-json\/wp\/v2\/media?parent=2"}],"curies":[{"name":"wp","href":"https:\/\/api.w.org\/{rel}","templated":true}]}}