{"id":14,"date":"2014-09-05T07:01:39","date_gmt":"2014-09-05T13:01:39","guid":{"rendered":"http:\/\/inf.ibiruba.ifrs.edu.br\/?page_id=14"},"modified":"2026-03-19T14:51:36","modified_gmt":"2026-03-19T17:51:36","slug":"localizacao","status":"publish","type":"page","link":"https:\/\/inf.ibiruba.ifrs.edu.br\/index.php\/localizacao\/","title":{"rendered":"D.A. C. Computa\u00e7\u00e3o"},"content":{"rendered":"<p><strong>Diret\u00f3rio Acad\u00eamico de Ci\u00eancia da Computa\u00e7\u00e3o<\/strong><\/p>\n<p>E-mail de contato: dacomputacaoibiruba@gmail.com<\/p>\n<hr \/>\n<p>Diret\u00f3rio Acad\u00eamico 2025\/2026:<\/p>\n<p>Danielle Kuhn \u2013 Presidente,<br \/>\nTamires Alana Weber\u2013 Vice-Presidente,<br \/>\nPedro Beck \u2013 1\u00ba Secret\u00e1rio,<br \/>\nVict\u00f3ria do Amaral\u2013 1\u00ba Tesoureiro,<br \/>\nManoele Mohr \u2013 Diretora de Comunica\u00e7\u00e3o e Eventos.<\/p>\n<p>Diret\u00f3rio Acad\u00eamico 2024\/2025:<\/p>\n<p>Danielle Kuhn \u2013 Presidente,<br \/>\nJeam Braun \u2013 Vice-Presidente,<br \/>\nPedro Beck \u2013 1\u00ba Secret\u00e1rio,<br \/>\nVict\u00f3ria do Amaral\u2013 1\u00ba Tesoureiro,<br \/>\nManoele Mohr \u2013 Diretora de Comunica\u00e7\u00e3o e Eventos.<\/p>\n<p>Grupo de Trabalho 2019\/2020:<\/p>\n<p><span style=\"color: #000000;\">Lisiane Reips \u2013 Presidente,<br \/>\nDiana Braatz \u2013 Vice-Presidente,<br \/>\nWillian Rohr \u2013 1\u00ba Secret\u00e1rio,<br \/>\nGian Paulo Vieira \u2013 2\u00ba Secret\u00e1rio,<br \/>\nEwerton Hoffmann Cardoso \u2013 1\u00ba Tesoureiro,<br \/>\nFelipe Silvestri \u2013 2\u00ba Tesoureiro.<\/span><\/p>\n<p>Grupo de Trabalho 2018\/2019:<\/p>\n<p>Lisiane Reips &#8211; Presidente,<br \/>\nDiana Braatz &#8211; Vice-Presidente,<br \/>\nWillian Rohr &#8211; 1\u00ba Secret\u00e1rio,<br \/>\nGian Paulo Vieira &#8211; 2\u00ba Secret\u00e1rio,<br \/>\nElisandra Beatriz Guntzel &#8211; 1\u00aa Tesoureira,<br \/>\nAnna Laura Junges &#8211; 2\u00aa Tesoureira,<br \/>\nVandra Batu Terhorst &#8211; Apoio.<\/p>\n","protected":false},"excerpt":{"rendered":"<p>Diret\u00f3rio Acad\u00eamico de Ci\u00eancia da Computa\u00e7\u00e3o E-mail de contato: dacomputacaoibiruba@gmail.com Diret\u00f3rio Acad\u00eamico 2025\/2026: Danielle Kuhn \u2013 Presidente, Tamires Alana Weber\u2013 Vice-Presidente, Pedro Beck \u2013 1\u00ba Secret\u00e1rio, Vict\u00f3ria do Amaral\u2013 1\u00ba Tesoureiro, Manoele Mohr \u2013 Diretora de Comunica\u00e7\u00e3o e Eventos. Diret\u00f3rio Acad\u00eamico 2024\/2025: Danielle Kuhn \u2013 Presidente, Jeam Braun \u2013 Vice-Presidente, Pedro Beck \u2013 1\u00ba Secret\u00e1rio, [&hellip;]<\/p>\n","protected":false},"author":19,"featured_media":0,"parent":0,"menu_order":10,"comment_status":"closed","ping_status":"closed","template":"","meta":{"footnotes":""},"class_list":["post-14","page","type-page","status-publish","hentry"],"_links":{"self":[{"href":"https:\/\/inf.ibiruba.ifrs.edu.br\/index.php\/wp-json\/wp\/v2\/pages\/14","targetHints":{"allow":["GET"]}}],"collection":[{"href":"https:\/\/inf.ibiruba.ifrs.edu.br\/index.php\/wp-json\/wp\/v2\/pages"}],"about":[{"href":"https:\/\/inf.ibiruba.ifrs.edu.br\/index.php\/wp-json\/wp\/v2\/types\/page"}],"author":[{"embeddable":true,"href":"https:\/\/inf.ibiruba.ifrs.edu.br\/index.php\/wp-json\/wp\/v2\/users\/19"}],"replies":[{"embeddable":true,"href":"https:\/\/inf.ibiruba.ifrs.edu.br\/index.php\/wp-json\/wp\/v2\/comments?post=14"}],"version-history":[{"count":17,"href":"https:\/\/inf.ibiruba.ifrs.edu.br\/index.php\/wp-json\/wp\/v2\/pages\/14\/revisions"}],"predecessor-version":[{"id":3580,"href":"https:\/\/inf.ibiruba.ifrs.edu.br\/index.php\/wp-json\/wp\/v2\/pages\/14\/revisions\/3580"}],"wp:attachment":[{"href":"https:\/\/inf.ibiruba.ifrs.edu.br\/index.php\/wp-json\/wp\/v2\/media?parent=14"}],"curies":[{"name":"wp","href":"https:\/\/api.w.org\/{rel}","templated":true}]}}